{"id":18,"date":"2025-12-01T20:03:59","date_gmt":"2025-12-01T20:03:59","guid":{"rendered":"https:\/\/borderlinemedia.cl\/?page_id=18"},"modified":"2025-12-01T20:13:49","modified_gmt":"2025-12-01T20:13:49","slug":"servicios","status":"publish","type":"page","link":"https:\/\/borderlinemedia.cl\/?page_id=18","title":{"rendered":"Servicios"},"content":{"rendered":"\n<div class=\"wp-block-group\"><div class=\"wp-block-group__inner-container is-layout-constrained wp-block-group-is-layout-constrained\">\n<div class=\"wp-block-columns is-layout-flex wp-container-core-columns-is-layout-9d6595d7 wp-block-columns-is-layout-flex\">\n<div class=\"wp-block-column is-layout-flow wp-block-column-is-layout-flow\">\n<h2 class=\"wp-block-heading has-text-align-left has-large-font-size\">Producci\u00f3n Audiovisual y Dise\u00f1o<\/h2>\n\n\n\n<ul class=\"wp-block-list\">\n<li>Contenidos gr\u00e1ficos de alto impacto<\/li>\n\n\n\n<li>Videos estrat\u00e9gicos<\/li>\n\n\n\n<li>Dise\u00f1o de campa\u00f1as<\/li>\n\n\n\n<li>Material digital para redes y web<\/li>\n<\/ul>\n<\/div>\n\n\n\n<div class=\"wp-block-column is-layout-flow wp-block-column-is-layout-flow\">\n<h2 class=\"wp-block-heading has-text-align-left has-large-font-size\">Acompa\u00f1amiento Continuo<\/h2>\n\n\n\n<ul class=\"wp-block-list\">\n<li>Consultor\u00eda mensual<\/li>\n\n\n\n<li>Seguimiento de m\u00e9tricas<\/li>\n\n\n\n<li>Ajuste estrat\u00e9gico<\/li>\n\n\n\n<li>Innovaci\u00f3n permanente<\/li>\n<\/ul>\n<\/div>\n<\/div>\n<\/div><\/div>\n\n\n\n<div class=\"wp-block-columns is-layout-flex wp-container-core-columns-is-layout-9d6595d7 wp-block-columns-is-layout-flex\">\n<div class=\"wp-block-column is-layout-flow wp-block-column-is-layout-flow\">\n<h2 class=\"wp-block-heading has-text-align-left has-large-font-size\">Estrategia y Comunicaci\u00f3n<\/h2>\n\n\n\n<ul class=\"wp-block-list has-normal-font-size\">\n<li>Diagn\u00f3stico comunicacional<\/li>\n\n\n\n<li>Auditor\u00eda de marca<\/li>\n\n\n\n<li>Identidad verbal y visual<\/li>\n\n\n\n<li>Manual de lineamientos<\/li>\n<\/ul>\n\n\n\n<div class=\"wp-block-columns is-layout-flex wp-container-core-columns-is-layout-9d6595d7 wp-block-columns-is-layout-flex\">\n<div class=\"wp-block-column is-layout-flow wp-block-column-is-layout-flow\"><\/div>\n<\/div>\n<\/div>\n\n\n\n<div class=\"wp-block-column is-layout-flow wp-block-column-is-layout-flow\">\n<h2 class=\"wp-block-heading has-text-align-left has-large-font-size\">Marketing y Presencia Digital<\/h2>\n\n\n\n<ul class=\"wp-block-list\">\n<li class=\"has-normal-font-size\">Estrategias de posicionamiento<\/li>\n\n\n\n<li class=\"has-normal-font-size\">Planificaci\u00f3n de contenidos<\/li>\n\n\n\n<li class=\"has-normal-font-size\">Optimizaci\u00f3n de redes<\/li>\n\n\n\n<li class=\"has-normal-font-size\">An\u00e1lisis de audiencias<\/li>\n<\/ul>\n<\/div>\n<\/div>\n\n\n\n<p><\/p>\n","protected":false},"excerpt":{"rendered":"<p>Producci\u00f3n Audiovisual y Dise\u00f1o Acompa\u00f1amiento Continuo Estrategia y Comunicaci\u00f3n Marketing y Presencia Digital<\/p>\n","protected":false},"author":1,"featured_media":21,"parent":0,"menu_order":0,"comment_status":"closed","ping_status":"closed","template":"","meta":{"footnotes":""},"class_list":["post-18","page","type-page","status-publish","has-post-thumbnail","hentry"],"_links":{"self":[{"href":"https:\/\/borderlinemedia.cl\/index.php?rest_route=\/wp\/v2\/pages\/18","targetHints":{"allow":["GET"]}}],"collection":[{"href":"https:\/\/borderlinemedia.cl\/index.php?rest_route=\/wp\/v2\/pages"}],"about":[{"href":"https:\/\/borderlinemedia.cl\/index.php?rest_route=\/wp\/v2\/types\/page"}],"author":[{"embeddable":true,"href":"https:\/\/borderlinemedia.cl\/index.php?rest_route=\/wp\/v2\/users\/1"}],"replies":[{"embeddable":true,"href":"https:\/\/borderlinemedia.cl\/index.php?rest_route=%2Fwp%2Fv2%2Fcomments&post=18"}],"version-history":[{"count":6,"href":"https:\/\/borderlinemedia.cl\/index.php?rest_route=\/wp\/v2\/pages\/18\/revisions"}],"predecessor-version":[{"id":37,"href":"https:\/\/borderlinemedia.cl\/index.php?rest_route=\/wp\/v2\/pages\/18\/revisions\/37"}],"wp:featuredmedia":[{"embeddable":true,"href":"https:\/\/borderlinemedia.cl\/index.php?rest_route=\/wp\/v2\/media\/21"}],"wp:attachment":[{"href":"https:\/\/borderlinemedia.cl\/index.php?rest_route=%2Fwp%2Fv2%2Fmedia&parent=18"}],"curies":[{"name":"wp","href":"https:\/\/api.w.org\/{rel}","templated":true}]}}