{"id":16,"date":"2025-12-01T19:51:11","date_gmt":"2025-12-01T19:51:11","guid":{"rendered":"https:\/\/borderlinemedia.cl\/?page_id=16"},"modified":"2025-12-01T19:51:11","modified_gmt":"2025-12-01T19:51:11","slug":"somos-borderline","status":"publish","type":"page","link":"https:\/\/borderlinemedia.cl\/?page_id=16","title":{"rendered":"Somos Borderline"},"content":{"rendered":"\n<p>Acompa\u00f1amos a PyMEs, emprendimientos y figuras emergentes en la construcci\u00f3n y fortalecimiento de su identidad comunicacional.<br>Trabajamos desde una mirada estrat\u00e9gica, humana y creativa, combinando comunicaci\u00f3n, an\u00e1lisis de audiencias y desarrollo organizacional.<\/p>\n\n\n\n<p><\/p>\n\n\n\n<p><\/p>\n","protected":false},"excerpt":{"rendered":"<p>Acompa\u00f1amos a PyMEs, emprendimientos y figuras emergentes en la construcci\u00f3n y fortalecimiento de su identidad comunicacional.Trabajamos desde una mirada estrat\u00e9gica, humana y creativa, combinando comunicaci\u00f3n, an\u00e1lisis de audiencias y desarrollo organizacional.<\/p>\n","protected":false},"author":1,"featured_media":0,"parent":0,"menu_order":0,"comment_status":"closed","ping_status":"closed","template":"","meta":{"footnotes":""},"class_list":["post-16","page","type-page","status-publish","hentry"],"_links":{"self":[{"href":"https:\/\/borderlinemedia.cl\/index.php?rest_route=\/wp\/v2\/pages\/16","targetHints":{"allow":["GET"]}}],"collection":[{"href":"https:\/\/borderlinemedia.cl\/index.php?rest_route=\/wp\/v2\/pages"}],"about":[{"href":"https:\/\/borderlinemedia.cl\/index.php?rest_route=\/wp\/v2\/types\/page"}],"author":[{"embeddable":true,"href":"https:\/\/borderlinemedia.cl\/index.php?rest_route=\/wp\/v2\/users\/1"}],"replies":[{"embeddable":true,"href":"https:\/\/borderlinemedia.cl\/index.php?rest_route=%2Fwp%2Fv2%2Fcomments&post=16"}],"version-history":[{"count":1,"href":"https:\/\/borderlinemedia.cl\/index.php?rest_route=\/wp\/v2\/pages\/16\/revisions"}],"predecessor-version":[{"id":28,"href":"https:\/\/borderlinemedia.cl\/index.php?rest_route=\/wp\/v2\/pages\/16\/revisions\/28"}],"wp:attachment":[{"href":"https:\/\/borderlinemedia.cl\/index.php?rest_route=%2Fwp%2Fv2%2Fmedia&parent=16"}],"curies":[{"name":"wp","href":"https:\/\/api.w.org\/{rel}","templated":true}]}}