{"id":15,"date":"2025-12-01T19:48:14","date_gmt":"2025-12-01T19:48:14","guid":{"rendered":"https:\/\/borderlinemedia.cl\/?page_id=15"},"modified":"2025-12-01T20:31:56","modified_gmt":"2025-12-01T20:31:56","slug":"impulsamos-tu-marca-con-estrategia-identidad-y-creatividad","status":"publish","type":"page","link":"https:\/\/borderlinemedia.cl\/","title":{"rendered":"Impulsamos tu marca con estrategia, identidad y creatividad."},"content":{"rendered":"\n<div class=\"wp-block-group alignwide\"><div class=\"wp-block-group__inner-container is-layout-flow wp-block-group-is-layout-flow\">\n<h2 class=\"wp-block-heading has-text-align-center\">Consultor\u00eda y asesor\u00edas en comunicaci\u00f3n para PyMEs y figuras emergentes.<\/h2>\n<\/div><\/div>\n\n\n\n<div class=\"wp-block-columns alignwide is-layout-flex wp-container-core-columns-is-layout-9d6595d7 wp-block-columns-is-layout-flex\">\n<div class=\"wp-block-column is-layout-flow wp-block-column-is-layout-flow\">\n<figure class=\"wp-block-image size-large\"><img loading=\"lazy\" decoding=\"async\" width=\"683\" height=\"1024\" src=\"https:\/\/borderlinemedia.cl\/wp-content\/uploads\/2025\/12\/Red-Color-Palette-\ud83c\udf39-683x1024.jpg\" alt=\"\" class=\"wp-image-39\" srcset=\"https:\/\/borderlinemedia.cl\/wp-content\/uploads\/2025\/12\/Red-Color-Palette-\ud83c\udf39-683x1024.jpg 683w, https:\/\/borderlinemedia.cl\/wp-content\/uploads\/2025\/12\/Red-Color-Palette-\ud83c\udf39-200x300.jpg 200w, https:\/\/borderlinemedia.cl\/wp-content\/uploads\/2025\/12\/Red-Color-Palette-\ud83c\udf39.jpg 736w\" sizes=\"auto, (max-width: 683px) 100vw, 683px\" \/><\/figure>\n<\/div>\n\n\n\n<div class=\"wp-block-column is-layout-flow wp-block-column-is-layout-flow\">\n<div class=\"wp-block-group\"><div class=\"wp-block-group__inner-container is-layout-flow wp-block-group-is-layout-flow\">\n<figure class=\"wp-block-image alignfull size-full\"><img loading=\"lazy\" decoding=\"async\" width=\"736\" height=\"1225\" src=\"https:\/\/borderlinemedia.cl\/wp-content\/uploads\/2025\/12\/download-2.jpg\" alt=\"\" class=\"wp-image-25\" srcset=\"https:\/\/borderlinemedia.cl\/wp-content\/uploads\/2025\/12\/download-2.jpg 736w, https:\/\/borderlinemedia.cl\/wp-content\/uploads\/2025\/12\/download-2-180x300.jpg 180w, https:\/\/borderlinemedia.cl\/wp-content\/uploads\/2025\/12\/download-2-615x1024.jpg 615w\" sizes=\"auto, (max-width: 736px) 100vw, 736px\" \/><\/figure>\n<\/div><\/div>\n<\/div>\n<\/div>\n\n\n\n<p><\/p>\n\n\n\n<div class=\"wp-block-group alignwide has-background\" style=\"background-color:#ffffff\"><div class=\"wp-block-group__inner-container is-layout-flow wp-block-group-is-layout-flow\">\n<figure class=\"wp-block-image size-full\"><img loading=\"lazy\" decoding=\"async\" width=\"618\" height=\"364\" src=\"https:\/\/borderlinemedia.cl\/wp-content\/uploads\/2025\/12\/Screenshot-2025-12-01-162424-1.png\" alt=\"\" class=\"wp-image-41\" srcset=\"https:\/\/borderlinemedia.cl\/wp-content\/uploads\/2025\/12\/Screenshot-2025-12-01-162424-1.png 618w, https:\/\/borderlinemedia.cl\/wp-content\/uploads\/2025\/12\/Screenshot-2025-12-01-162424-1-300x177.png 300w\" sizes=\"auto, (max-width: 618px) 100vw, 618px\" \/><\/figure>\n\n\n\n<div class=\"wp-block-group\"><div class=\"wp-block-group__inner-container is-layout-flow wp-block-group-is-layout-flow\">\n<h2 class=\"wp-block-heading has-text-align-center\">Conversemos sobre tu proyecto<\/h2>\n\n\n\n<p class=\"has-text-align-center\"><\/p>\n\n\n\n<div class=\"wp-block-button aligncenter\"><a class=\"wp-block-button__link wp-element-button\">Hablanos de ti <\/a><\/div>\n<\/div><\/div>\n<\/div><\/div>\n","protected":false},"excerpt":{"rendered":"<p>Consultor\u00eda y asesor\u00edas en comunicaci\u00f3n para PyMEs y figuras emergentes. Conversemos sobre tu proyecto<\/p>\n","protected":false},"author":1,"featured_media":20,"parent":0,"menu_order":0,"comment_status":"closed","ping_status":"closed","template":"","meta":{"footnotes":""},"class_list":["post-15","page","type-page","status-publish","has-post-thumbnail","hentry"],"_links":{"self":[{"href":"https:\/\/borderlinemedia.cl\/index.php?rest_route=\/wp\/v2\/pages\/15","targetHints":{"allow":["GET"]}}],"collection":[{"href":"https:\/\/borderlinemedia.cl\/index.php?rest_route=\/wp\/v2\/pages"}],"about":[{"href":"https:\/\/borderlinemedia.cl\/index.php?rest_route=\/wp\/v2\/types\/page"}],"author":[{"embeddable":true,"href":"https:\/\/borderlinemedia.cl\/index.php?rest_route=\/wp\/v2\/users\/1"}],"replies":[{"embeddable":true,"href":"https:\/\/borderlinemedia.cl\/index.php?rest_route=%2Fwp%2Fv2%2Fcomments&post=15"}],"version-history":[{"count":3,"href":"https:\/\/borderlinemedia.cl\/index.php?rest_route=\/wp\/v2\/pages\/15\/revisions"}],"predecessor-version":[{"id":43,"href":"https:\/\/borderlinemedia.cl\/index.php?rest_route=\/wp\/v2\/pages\/15\/revisions\/43"}],"wp:featuredmedia":[{"embeddable":true,"href":"https:\/\/borderlinemedia.cl\/index.php?rest_route=\/wp\/v2\/media\/20"}],"wp:attachment":[{"href":"https:\/\/borderlinemedia.cl\/index.php?rest_route=%2Fwp%2Fv2%2Fmedia&parent=15"}],"curies":[{"name":"wp","href":"https:\/\/api.w.org\/{rel}","templated":true}]}}